{"id":6441,"date":"2024-01-11T18:10:52","date_gmt":"2024-01-11T22:10:52","guid":{"rendered":"https:\/\/hotelmadridlapaz.com\/?page_id=6441"},"modified":"2024-01-30T19:52:36","modified_gmt":"2024-01-30T23:52:36","slug":"calle-jaen","status":"publish","type":"page","link":"https:\/\/hotelmadridlapaz.com\/en\/calle-jaen\/","title":{"rendered":"CALLE JAEN"},"content":{"rendered":"<div data-elementor-type=\"wp-page\" data-elementor-id=\"6441\" class=\"elementor elementor-6441\">\n\t\t\t\t\t\t<section class=\"elementor-section elementor-top-section elementor-element elementor-element-3bfb671 elementor-section-content-middle elementor-section-boxed elementor-section-height-default elementor-section-height-default\" data-id=\"3bfb671\" data-element_type=\"section\" data-settings=\"{&quot;background_background&quot;:&quot;classic&quot;}\">\n\t\t\t\t\t\t\t<div class=\"elementor-background-overlay\"><\/div>\n\t\t\t\t\t\t\t<div class=\"elementor-container elementor-column-gap-no\">\n\t\t\t\t\t<div class=\"elementor-column elementor-col-50 elementor-top-column elementor-element elementor-element-7901ef63\" data-id=\"7901ef63\" data-element_type=\"column\">\n\t\t\t<div class=\"elementor-widget-wrap elementor-element-populated\">\n\t\t\t\t\t\t<div class=\"elementor-element elementor-element-3e34eb04 elementor-widget elementor-widget-image\" data-id=\"3e34eb04\" data-element_type=\"widget\" data-widget_type=\"image.default\">\n\t\t\t\t<div class=\"elementor-widget-container\">\n\t\t\t<style>\/*! elementor - v3.19.0 - 26-02-2024 *\/\n.elementor-widget-image{text-align:center}.elementor-widget-image a{display:inline-block}.elementor-widget-image a img[src$=\".svg\"]{width:48px}.elementor-widget-image img{vertical-align:middle;display:inline-block}<\/style>\t\t\t\t\t\t\t\t\t\t<img fetchpriority=\"high\" decoding=\"async\" width=\"668\" height=\"446\" src=\"https:\/\/hotelmadridlapaz.com\/wp-content\/uploads\/2024\/01\/25.jpg\" class=\"attachment-large size-large wp-image-6490\" alt=\"\" srcset=\"https:\/\/hotelmadridlapaz.com\/wp-content\/uploads\/2024\/01\/25.jpg 668w, https:\/\/hotelmadridlapaz.com\/wp-content\/uploads\/2024\/01\/25-300x200.jpg 300w, https:\/\/hotelmadridlapaz.com\/wp-content\/uploads\/2024\/01\/25-600x401.jpg 600w\" sizes=\"(max-width: 668px) 100vw, 668px\" \/>\t\t\t\t\t\t\t\t\t\t\t\t\t<\/div>\n\t\t\t\t<\/div>\n\t\t\t\t<div class=\"elementor-element elementor-element-68293a2a elementor-widget elementor-widget-heading\" data-id=\"68293a2a\" data-element_type=\"widget\" data-widget_type=\"heading.default\">\n\t\t\t\t<div class=\"elementor-widget-container\">\n\t\t\t<style>\/*! elementor - v3.19.0 - 26-02-2024 *\/\n.elementor-heading-title{padding:0;margin:0;line-height:1}.elementor-widget-heading .elementor-heading-title[class*=elementor-size-]>a{color:inherit;font-size:inherit;line-height:inherit}.elementor-widget-heading .elementor-heading-title.elementor-size-small{font-size:15px}.elementor-widget-heading .elementor-heading-title.elementor-size-medium{font-size:19px}.elementor-widget-heading .elementor-heading-title.elementor-size-large{font-size:29px}.elementor-widget-heading .elementor-heading-title.elementor-size-xl{font-size:39px}.elementor-widget-heading .elementor-heading-title.elementor-size-xxl{font-size:59px}<\/style><h3 class=\"elementor-heading-title elementor-size-default\">Calle Jaen<\/h3>\t\t<\/div>\n\t\t\t\t<\/div>\n\t\t\t\t<div class=\"elementor-element elementor-element-5cfa5bd0 elementor-widget elementor-widget-text-editor\" data-id=\"5cfa5bd0\" data-element_type=\"widget\" data-widget_type=\"text-editor.default\">\n\t\t\t\t<div class=\"elementor-widget-container\">\n\t\t\t<style>\/*! elementor - v3.19.0 - 26-02-2024 *\/\n.elementor-widget-text-editor.elementor-drop-cap-view-stacked .elementor-drop-cap{background-color:#69727d;color:#fff}.elementor-widget-text-editor.elementor-drop-cap-view-framed .elementor-drop-cap{color:#69727d;border:3px solid;background-color:transparent}.elementor-widget-text-editor:not(.elementor-drop-cap-view-default) .elementor-drop-cap{margin-top:8px}.elementor-widget-text-editor:not(.elementor-drop-cap-view-default) .elementor-drop-cap-letter{width:1em;height:1em}.elementor-widget-text-editor .elementor-drop-cap{float:left;text-align:center;line-height:1;font-size:50px}.elementor-widget-text-editor .elementor-drop-cap-letter{display:inline-block}<\/style>\t\t\t\t<p>It is known for its legends and mysteries. The street is said to be haunted and moans and screams can be heard late at night.<\/p>\t\t\t\t\t\t<\/div>\n\t\t\t\t<\/div>\n\t\t\t\t\t<\/div>\n\t\t<\/div>\n\t\t\t\t<div class=\"elementor-column elementor-col-50 elementor-top-column elementor-element elementor-element-1845f904\" data-id=\"1845f904\" data-element_type=\"column\">\n\t\t\t<div class=\"elementor-widget-wrap elementor-element-populated\">\n\t\t\t\t\t\t<div class=\"elementor-element elementor-element-22c44180 elementor-widget elementor-widget-image\" data-id=\"22c44180\" data-element_type=\"widget\" data-widget_type=\"image.default\">\n\t\t\t\t<div class=\"elementor-widget-container\">\n\t\t\t\t\t\t\t\t\t\t\t\t\t<img decoding=\"async\" width=\"1024\" height=\"768\" src=\"https:\/\/hotelmadridlapaz.com\/wp-content\/uploads\/2024\/01\/jaen-street-1024x768.jpg\" class=\"attachment-large size-large wp-image-6469\" alt=\"\" srcset=\"https:\/\/hotelmadridlapaz.com\/wp-content\/uploads\/2024\/01\/jaen-street-1024x768.jpg 1024w, https:\/\/hotelmadridlapaz.com\/wp-content\/uploads\/2024\/01\/jaen-street-300x225.jpg 300w, https:\/\/hotelmadridlapaz.com\/wp-content\/uploads\/2024\/01\/jaen-street-768x576.jpg 768w, https:\/\/hotelmadridlapaz.com\/wp-content\/uploads\/2024\/01\/jaen-street-1536x1152.jpg 1536w, https:\/\/hotelmadridlapaz.com\/wp-content\/uploads\/2024\/01\/jaen-street-600x450.jpg 600w, https:\/\/hotelmadridlapaz.com\/wp-content\/uploads\/2024\/01\/jaen-street.jpg 2000w\" sizes=\"(max-width: 1024px) 100vw, 1024px\" \/>\t\t\t\t\t\t\t\t\t\t\t\t\t<\/div>\n\t\t\t\t<\/div>\n\t\t\t\t<div class=\"elementor-element elementor-element-7a31f219 elementor-widget elementor-widget-heading\" data-id=\"7a31f219\" data-element_type=\"widget\" data-widget_type=\"heading.default\">\n\t\t\t\t<div class=\"elementor-widget-container\">\n\t\t\t<h3 class=\"elementor-heading-title elementor-size-default\">Calle Jaen<\/h3>\t\t<\/div>\n\t\t\t\t<\/div>\n\t\t\t\t<div class=\"elementor-element elementor-element-4360dc87 elementor-widget elementor-widget-text-editor\" data-id=\"4360dc87\" data-element_type=\"widget\" data-widget_type=\"text-editor.default\">\n\t\t\t\t<div class=\"elementor-widget-container\">\n\t\t\t\t\t\t\t<p style=\"font-size: 16px; font-style: normal; font-weight: 400;\">It is also said that the ghost of Pedro Domingo Murillo, Bolivian hero and former resident of Ja\u00e9n Street, sometimes appears trying to start a conversation with passersby.<\/p>\t\t\t\t\t\t<\/div>\n\t\t\t\t<\/div>\n\t\t\t\t\t<\/div>\n\t\t<\/div>\n\t\t\t\t\t<\/div>\n\t\t<\/section>\n\t\t\t\t<\/div>","protected":false},"excerpt":{"rendered":"<p>Calle Jaen Es conocida por sus leyendas y misterios. Se dice que la calle est\u00e1 embrujada y que se pueden escuchar gemidos y gritos a altas horas de la noche. Calle Jaen Tambi\u00e9n se cuenta que el fantasma de Pedro Domingo Murillo, h\u00e9roe de Bolivia y antiguo residente de la calle Ja\u00e9n, aparece a veces &hellip;<\/p>\n<p class=\"read-more\"> <a class=\"\" href=\"https:\/\/hotelmadridlapaz.com\/en\/calle-jaen\/\"> <span class=\"screen-reader-text\">CALLE JAEN<\/span> Read More &raquo;<\/a><\/p>","protected":false},"author":3,"featured_media":0,"parent":0,"menu_order":0,"comment_status":"closed","ping_status":"closed","template":"","meta":{"site-sidebar-layout":"no-sidebar","site-content-layout":"page-builder","ast-site-content-layout":"full-width-container","site-content-style":"default","site-sidebar-style":"default","ast-global-header-display":"","ast-banner-title-visibility":"","ast-main-header-display":"","ast-hfb-above-header-display":"","ast-hfb-below-header-display":"","ast-hfb-mobile-header-display":"","site-post-title":"disabled","ast-breadcrumbs-content":"","ast-featured-img":"disabled","footer-sml-layout":"","theme-transparent-header-meta":"","adv-header-id-meta":"","stick-header-meta":"","header-above-stick-meta":"","header-main-stick-meta":"","header-below-stick-meta":"","astra-migrate-meta-layouts":"default","ast-page-background-enabled":"default","ast-page-background-meta":{"desktop":{"background-color":"","background-image":"","background-repeat":"repeat","background-position":"center center","background-size":"auto","background-attachment":"scroll","background-type":"","background-media":"","overlay-type":"","overlay-color":"","overlay-gradient":""},"tablet":{"background-color":"","background-image":"","background-repeat":"repeat","background-position":"center center","background-size":"auto","background-attachment":"scroll","background-type":"","background-media":"","overlay-type":"","overlay-color":"","overlay-gradient":""},"mobile":{"background-color":"","background-image":"","background-repeat":"repeat","background-position":"center center","background-size":"auto","background-attachment":"scroll","background-type":"","background-media":"","overlay-type":"","overlay-color":"","overlay-gradient":""}},"ast-content-background-meta":{"desktop":{"background-color":"var(--ast-global-color-5)","background-image":"","background-repeat":"repeat","background-position":"center center","background-size":"auto","background-attachment":"scroll","background-type":"","background-media":"","overlay-type":"","overlay-color":"","overlay-gradient":""},"tablet":{"background-color":"var(--ast-global-color-5)","background-image":"","background-repeat":"repeat","background-position":"center center","background-size":"auto","background-attachment":"scroll","background-type":"","background-media":"","overlay-type":"","overlay-color":"","overlay-gradient":""},"mobile":{"background-color":"var(--ast-global-color-5)","background-image":"","background-repeat":"repeat","background-position":"center center","background-size":"auto","background-attachment":"scroll","background-type":"","background-media":"","overlay-type":"","overlay-color":"","overlay-gradient":""}},"footnotes":""},"yoast_head":"<!-- This site is optimized with the Yoast SEO plugin v22.1 - https:\/\/yoast.com\/wordpress\/plugins\/seo\/ -->\n<title>CALLE JAEN | Hotel Madrid La Paz<\/title>\n<meta name=\"robots\" content=\"index, follow, max-snippet:-1, max-image-preview:large, max-video-preview:-1\" \/>\n<link rel=\"canonical\" href=\"https:\/\/hotelmadridlapaz.com\/en\/calle-jaen\/\" \/>\n<meta property=\"og:locale\" content=\"en_US\" \/>\n<meta property=\"og:type\" content=\"article\" \/>\n<meta property=\"og:title\" content=\"CALLE JAEN | Hotel Madrid La Paz\" \/>\n<meta property=\"og:description\" content=\"Calle Jaen Es conocida por sus leyendas y misterios. Se dice que la calle est\u00e1 embrujada y que se pueden escuchar gemidos y gritos a altas horas de la noche. Calle Jaen Tambi\u00e9n se cuenta que el fantasma de Pedro Domingo Murillo, h\u00e9roe de Bolivia y antiguo residente de la calle Ja\u00e9n, aparece a veces &hellip; CALLE JAEN Read More &raquo;\" \/>\n<meta property=\"og:url\" content=\"https:\/\/hotelmadridlapaz.com\/en\/calle-jaen\/\" \/>\n<meta property=\"og:site_name\" content=\"Hotel Madrid La Paz\" \/>\n<meta property=\"article:publisher\" content=\"https:\/\/www.facebook.com\/HotelMadridLaPaz\" \/>\n<meta property=\"article:modified_time\" content=\"2024-01-30T23:52:36+00:00\" \/>\n<meta property=\"og:image\" content=\"https:\/\/hotelmadridlapaz.com\/wp-content\/uploads\/2024\/01\/25.jpg\" \/>\n<meta name=\"twitter:card\" content=\"summary_large_image\" \/>\n<script type=\"application\/ld+json\" class=\"yoast-schema-graph\">{\"@context\":\"https:\/\/schema.org\",\"@graph\":[{\"@type\":\"WebPage\",\"@id\":\"https:\/\/hotelmadridlapaz.com\/calle-jaen\/\",\"url\":\"https:\/\/hotelmadridlapaz.com\/calle-jaen\/\",\"name\":\"CALLE JAEN | Hotel Madrid La Paz\",\"isPartOf\":{\"@id\":\"https:\/\/hotelmadridlapaz.com\/#website\"},\"datePublished\":\"2024-01-11T22:10:52+00:00\",\"dateModified\":\"2024-01-30T23:52:36+00:00\",\"breadcrumb\":{\"@id\":\"https:\/\/hotelmadridlapaz.com\/calle-jaen\/#breadcrumb\"},\"inLanguage\":\"en-US\",\"potentialAction\":[{\"@type\":\"ReadAction\",\"target\":[\"https:\/\/hotelmadridlapaz.com\/calle-jaen\/\"]}]},{\"@type\":\"BreadcrumbList\",\"@id\":\"https:\/\/hotelmadridlapaz.com\/calle-jaen\/#breadcrumb\",\"itemListElement\":[{\"@type\":\"ListItem\",\"position\":1,\"name\":\"Portada\",\"item\":\"https:\/\/hotelmadridlapaz.com\/\"},{\"@type\":\"ListItem\",\"position\":2,\"name\":\"CALLE JAEN\"}]},{\"@type\":\"WebSite\",\"@id\":\"https:\/\/hotelmadridlapaz.com\/#website\",\"url\":\"https:\/\/hotelmadridlapaz.com\/\",\"name\":\"Hotel Madrid La Paz\",\"description\":\"Hotel Madrid\",\"publisher\":{\"@id\":\"https:\/\/hotelmadridlapaz.com\/#organization\"},\"potentialAction\":[{\"@type\":\"SearchAction\",\"target\":{\"@type\":\"EntryPoint\",\"urlTemplate\":\"https:\/\/hotelmadridlapaz.com\/?s={search_term_string}\"},\"query-input\":\"required name=search_term_string\"}],\"inLanguage\":\"en-US\"},{\"@type\":\"Organization\",\"@id\":\"https:\/\/hotelmadridlapaz.com\/#organization\",\"name\":\"Hotel Madrid\",\"url\":\"https:\/\/hotelmadridlapaz.com\/\",\"logo\":{\"@type\":\"ImageObject\",\"inLanguage\":\"en-US\",\"@id\":\"https:\/\/hotelmadridlapaz.com\/#\/schema\/logo\/image\/\",\"url\":\"https:\/\/hotelmadridlapaz.com\/wp-content\/uploads\/2020\/07\/Mesa-de-trabajo-1dpi.png\",\"contentUrl\":\"https:\/\/hotelmadridlapaz.com\/wp-content\/uploads\/2020\/07\/Mesa-de-trabajo-1dpi.png\",\"width\":3914,\"height\":2180,\"caption\":\"Hotel Madrid\"},\"image\":{\"@id\":\"https:\/\/hotelmadridlapaz.com\/#\/schema\/logo\/image\/\"},\"sameAs\":[\"https:\/\/www.facebook.com\/HotelMadridLaPaz\"]}]}<\/script>\n<!-- \/ Yoast SEO plugin. -->","yoast_head_json":{"title":"CALLE JAEN | Hotel Madrid La Paz","robots":{"index":"index","follow":"follow","max-snippet":"max-snippet:-1","max-image-preview":"max-image-preview:large","max-video-preview":"max-video-preview:-1"},"canonical":"https:\/\/hotelmadridlapaz.com\/en\/calle-jaen\/","og_locale":"en_US","og_type":"article","og_title":"CALLE JAEN | Hotel Madrid La Paz","og_description":"Calle Jaen Es conocida por sus leyendas y misterios. Se dice que la calle est\u00e1 embrujada y que se pueden escuchar gemidos y gritos a altas horas de la noche. Calle Jaen Tambi\u00e9n se cuenta que el fantasma de Pedro Domingo Murillo, h\u00e9roe de Bolivia y antiguo residente de la calle Ja\u00e9n, aparece a veces &hellip; CALLE JAEN Read More &raquo;","og_url":"https:\/\/hotelmadridlapaz.com\/en\/calle-jaen\/","og_site_name":"Hotel Madrid La Paz","article_publisher":"https:\/\/www.facebook.com\/HotelMadridLaPaz","article_modified_time":"2024-01-30T23:52:36+00:00","og_image":[{"url":"https:\/\/hotelmadridlapaz.com\/wp-content\/uploads\/2024\/01\/25.jpg"}],"twitter_card":"summary_large_image","schema":{"@context":"https:\/\/schema.org","@graph":[{"@type":"WebPage","@id":"https:\/\/hotelmadridlapaz.com\/calle-jaen\/","url":"https:\/\/hotelmadridlapaz.com\/calle-jaen\/","name":"CALLE JAEN | Hotel Madrid La Paz","isPartOf":{"@id":"https:\/\/hotelmadridlapaz.com\/#website"},"datePublished":"2024-01-11T22:10:52+00:00","dateModified":"2024-01-30T23:52:36+00:00","breadcrumb":{"@id":"https:\/\/hotelmadridlapaz.com\/calle-jaen\/#breadcrumb"},"inLanguage":"en-US","potentialAction":[{"@type":"ReadAction","target":["https:\/\/hotelmadridlapaz.com\/calle-jaen\/"]}]},{"@type":"BreadcrumbList","@id":"https:\/\/hotelmadridlapaz.com\/calle-jaen\/#breadcrumb","itemListElement":[{"@type":"ListItem","position":1,"name":"Portada","item":"https:\/\/hotelmadridlapaz.com\/"},{"@type":"ListItem","position":2,"name":"CALLE JAEN"}]},{"@type":"WebSite","@id":"https:\/\/hotelmadridlapaz.com\/#website","url":"https:\/\/hotelmadridlapaz.com\/","name":"Hotel Madrid La Paz","description":"Hotel Madrid","publisher":{"@id":"https:\/\/hotelmadridlapaz.com\/#organization"},"potentialAction":[{"@type":"SearchAction","target":{"@type":"EntryPoint","urlTemplate":"https:\/\/hotelmadridlapaz.com\/?s={search_term_string}"},"query-input":"required name=search_term_string"}],"inLanguage":"en-US"},{"@type":"Organization","@id":"https:\/\/hotelmadridlapaz.com\/#organization","name":"Hotel Madrid","url":"https:\/\/hotelmadridlapaz.com\/","logo":{"@type":"ImageObject","inLanguage":"en-US","@id":"https:\/\/hotelmadridlapaz.com\/#\/schema\/logo\/image\/","url":"https:\/\/hotelmadridlapaz.com\/wp-content\/uploads\/2020\/07\/Mesa-de-trabajo-1dpi.png","contentUrl":"https:\/\/hotelmadridlapaz.com\/wp-content\/uploads\/2020\/07\/Mesa-de-trabajo-1dpi.png","width":3914,"height":2180,"caption":"Hotel Madrid"},"image":{"@id":"https:\/\/hotelmadridlapaz.com\/#\/schema\/logo\/image\/"},"sameAs":["https:\/\/www.facebook.com\/HotelMadridLaPaz"]}]}},"_links":{"self":[{"href":"https:\/\/hotelmadridlapaz.com\/en\/wp-json\/wp\/v2\/pages\/6441"}],"collection":[{"href":"https:\/\/hotelmadridlapaz.com\/en\/wp-json\/wp\/v2\/pages"}],"about":[{"href":"https:\/\/hotelmadridlapaz.com\/en\/wp-json\/wp\/v2\/types\/page"}],"author":[{"embeddable":true,"href":"https:\/\/hotelmadridlapaz.com\/en\/wp-json\/wp\/v2\/users\/3"}],"replies":[{"embeddable":true,"href":"https:\/\/hotelmadridlapaz.com\/en\/wp-json\/wp\/v2\/comments?post=6441"}],"version-history":[{"count":12,"href":"https:\/\/hotelmadridlapaz.com\/en\/wp-json\/wp\/v2\/pages\/6441\/revisions"}],"predecessor-version":[{"id":6715,"href":"https:\/\/hotelmadridlapaz.com\/en\/wp-json\/wp\/v2\/pages\/6441\/revisions\/6715"}],"wp:attachment":[{"href":"https:\/\/hotelmadridlapaz.com\/en\/wp-json\/wp\/v2\/media?parent=6441"}],"curies":[{"name":"wp","href":"https:\/\/api.w.org\/{rel}","templated":true}]}}