{"id":86,"date":"2019-11-21T22:05:46","date_gmt":"2019-11-21T22:05:46","guid":{"rendered":"https:\/\/hotelmadridlapaz.com\/?page_id=86"},"modified":"2020-01-08T16:15:44","modified_gmt":"2020-01-08T16:15:44","slug":"area-comun","status":"publish","type":"page","link":"https:\/\/hotelmadridlapaz.com\/en\/area-comun\/","title":{"rendered":"\u00c1REA COM\u00daN"},"content":{"rendered":"<div class=\"vc_row wpb_row vc_row-fluid blanco\"><div class=\"wpb_column vc_column_container vc_col-sm-6\"><div class=\"vc_column-inner\"><div class=\"wpb_wrapper\">\n\t<div class=\"wpb_text_column wpb_content_element\" >\n\t\t<div class=\"wpb_wrapper\">\n\t\t\t<h1>\u00c1REA COM\u00daN<\/h1>\n<p>Descansa en nuestra habitaci\u00f3n y si\u00e9ntete como en casa durante tu estancia en Hotel Madrid.<\/p>\n<p>El hotel est\u00e1 recientemente inaugurado, contamos con ba\u00f1os privados, desayuno americano buffet, ubicado en pleno centro de la Ciudad de La Paz.<\/p>\n<p>Instalaciones y Servicios<\/p>\n<ul>\n<li>Cafeter\u00eda con Vista Panor\u00e1mica<\/li>\n<li>Conexi\u00f3n Inal\u00e1mbrica a Internet<\/li>\n<li>Tv Cable<\/li>\n<li>Elevator<\/li>\n<li>Cleaning<\/li>\n<li>Security<\/li>\n<li>Calefacci\u00f3n<\/li>\n<li>Kit de Altura<\/li>\n<li>Location<\/li>\n<li>Cable car 7 minutes walk<\/li>\n<li>Airport 20 minutes away<\/li>\n<\/ul>\n\n\t\t<\/div>\n\t<\/div>\n<\/div><\/div><\/div><div class=\"wpb_column vc_column_container vc_col-sm-6\"><div class=\"vc_column-inner\"><div class=\"wpb_wrapper\"><div class=\"vc_empty_space\"   style=\"height: 32px\" ><span class=\"vc_empty_space_inner\"><\/span><\/div>\n<div  class=\"wpb_images_carousel wpb_content_element vc_clearfix\">\n\t<div class=\"wpb_wrapper\">\n\t\t\t\t<div id=\"vc_images-carousel-1-1777582739\" data-ride=\"vc_carousel\" data-wrap=\"false\" style=\"width: 500px;\" data-interval=\"5000\" data-auto-height=\"yes\" data-mode=\"horizontal\" data-partial=\"false\" data-per-view=\"1\" data-hide-on-end=\"false\" class=\"vc_slide vc_images_carousel\">\n\t\t\t\t\t\t\t<!-- Indicators -->\n\t\t\t\t<ol class=\"vc_carousel-indicators\">\n\t\t\t\t\t\t\t\t\t\t\t<li data-target=\"#vc_images-carousel-1-1777582739\" data-slide-to=\"0\"><\/li>\n\t\t\t\t\t\t\t\t\t\t\t<li data-target=\"#vc_images-carousel-1-1777582739\" data-slide-to=\"1\"><\/li>\n\t\t\t\t\t\t\t\t\t<\/ol>\n\t\t\t\t\t\t<!-- Wrapper for slides -->\n\t\t\t<div class=\"vc_carousel-inner\">\n\t\t\t\t<div class=\"vc_carousel-slideline\">\n\t\t\t\t\t<div class=\"vc_carousel-slideline-inner\">\n\t\t\t\t\t\t\t\t\t\t\t\t\t\t\t\t\t\t\t\t<div class=\"vc_item\">\n\t\t\t\t\t\t\t\t<div class=\"vc_inner\">\n\t\t\t\t\t\t\t\t\t\t\t\t\t\t\t\t\t\t\t\t\t\t\t\t\t\t\t\t\t<a class=\"prettyphoto\" href=\"https:\/\/hotelmadridlapaz.com\/wp-content\/uploads\/2019\/12\/MadridCafe.jpg\"  data-rel=\"prettyPhoto[rel-86-996137894]\">\n\t\t\t\t\t\t\t\t\t\t\t<img fetchpriority=\"high\" decoding=\"async\" class=\"\" src=\"https:\/\/hotelmadridlapaz.com\/wp-content\/uploads\/2019\/12\/MadridCafe-500x380.jpg\" width=\"500\" height=\"380\" alt=\"MadridCafe\" title=\"MadridCafe\" \/>\t\t\t\t\t\t\t\t\t\t<\/a>\n\t\t\t\t\t\t\t\t\t\t\t\t\t\t\t\t\t<\/div>\n\t\t\t\t\t\t\t<\/div>\n\t\t\t\t\t\t\t\t\t\t\t\t\t\t\t\t\t\t\t\t<div class=\"vc_item\">\n\t\t\t\t\t\t\t\t<div class=\"vc_inner\">\n\t\t\t\t\t\t\t\t\t\t\t\t\t\t\t\t\t\t\t\t\t\t\t\t\t\t\t\t\t<a class=\"prettyphoto\" href=\"https:\/\/hotelmadridlapaz.com\/wp-content\/uploads\/2019\/12\/MadridBillar1.jpg\"  data-rel=\"prettyPhoto[rel-86-996137894]\">\n\t\t\t\t\t\t\t\t\t\t\t<img decoding=\"async\" class=\"\" src=\"https:\/\/hotelmadridlapaz.com\/wp-content\/uploads\/2019\/12\/MadridBillar1-500x380.jpg\" width=\"500\" height=\"380\" alt=\"MadridBillar1\" title=\"MadridBillar1\" \/>\t\t\t\t\t\t\t\t\t\t<\/a>\n\t\t\t\t\t\t\t\t\t\t\t\t\t\t\t\t\t<\/div>\n\t\t\t\t\t\t\t<\/div>\n\t\t\t\t\t\t\t\t\t\t\t<\/div>\n\t\t\t\t<\/div>\n\t\t\t<\/div>\n\t\t\t\t\t\t\t<!-- Controls -->\n\t\t\t\t<a class=\"vc_left vc_carousel-control\" href=\"#vc_images-carousel-1-1777582739\" data-slide=\"prev\">\n\t\t\t\t\t<span class=\"icon-prev\"><\/span>\n\t\t\t\t<\/a>\n\t\t\t\t<a class=\"vc_right vc_carousel-control\" href=\"#vc_images-carousel-1-1777582739\" data-slide=\"next\">\n\t\t\t\t\t<span class=\"icon-next\"><\/span>\n\t\t\t\t<\/a>\n\t\t\t\t\t<\/div>\n\t<\/div>\n<\/div>\n<\/div><\/div><\/div><\/div>","protected":false},"excerpt":{"rendered":"\u00c1REA COM\u00daN Descansa en nuestra habitaci\u00f3n y si\u00e9ntete como en casa durante tu estancia en Hotel Madrid. El hotel est\u00e1 recientemente inaugurado, contamos con ba\u00f1os privados, desayuno americano buffet, ubicado en pleno centro de la Ciudad de La Paz. Instalaciones y Servicios Cafeter\u00eda con Vista Panor\u00e1mica Conexi\u00f3n Inal\u00e1mbrica a Internet Tv Cable Ascensor Limpieza Seguridad &hellip;<p class=\"read-more\"> <a class=\"\" href=\"https:\/\/hotelmadridlapaz.com\/en\/area-comun\/\"> <span class=\"screen-reader-text\">\u00c1REA COM\u00daN<\/span> Read More &raquo;<\/a><\/p>","protected":false},"author":1,"featured_media":0,"parent":0,"menu_order":0,"comment_status":"closed","ping_status":"closed","template":"full-width-page.php","meta":{"site-sidebar-layout":"no-sidebar","site-content-layout":"plain-container","ast-site-content-layout":"","site-content-style":"default","site-sidebar-style":"default","ast-global-header-display":"","ast-banner-title-visibility":"","ast-main-header-display":"","ast-hfb-above-header-display":"","ast-hfb-below-header-display":"","ast-hfb-mobile-header-display":"","site-post-title":"disabled","ast-breadcrumbs-content":"","ast-featured-img":"disabled","footer-sml-layout":"","theme-transparent-header-meta":"","adv-header-id-meta":"","stick-header-meta":"","header-above-stick-meta":"","header-main-stick-meta":"","header-below-stick-meta":"","astra-migrate-meta-layouts":"default","ast-page-background-enabled":"default","ast-page-background-meta":{"desktop":{"background-color":"","background-image":"","background-repeat":"repeat","background-position":"center center","background-size":"auto","background-attachment":"scroll","background-type":"","background-media":"","overlay-type":"","overlay-color":"","overlay-gradient":""},"tablet":{"background-color":"","background-image":"","background-repeat":"repeat","background-position":"center center","background-size":"auto","background-attachment":"scroll","background-type":"","background-media":"","overlay-type":"","overlay-color":"","overlay-gradient":""},"mobile":{"background-color":"","background-image":"","background-repeat":"repeat","background-position":"center center","background-size":"auto","background-attachment":"scroll","background-type":"","background-media":"","overlay-type":"","overlay-color":"","overlay-gradient":""}},"ast-content-background-meta":{"desktop":{"background-color":"var(--ast-global-color-5)","background-image":"","background-repeat":"repeat","background-position":"center center","background-size":"auto","background-attachment":"scroll","background-type":"","background-media":"","overlay-type":"","overlay-color":"","overlay-gradient":""},"tablet":{"background-color":"var(--ast-global-color-5)","background-image":"","background-repeat":"repeat","background-position":"center center","background-size":"auto","background-attachment":"scroll","background-type":"","background-media":"","overlay-type":"","overlay-color":"","overlay-gradient":""},"mobile":{"background-color":"var(--ast-global-color-5)","background-image":"","background-repeat":"repeat","background-position":"center center","background-size":"auto","background-attachment":"scroll","background-type":"","background-media":"","overlay-type":"","overlay-color":"","overlay-gradient":""}},"footnotes":""},"yoast_head":"<!-- This site is optimized with the Yoast SEO plugin v22.1 - https:\/\/yoast.com\/wordpress\/plugins\/seo\/ -->\n<title>\u00c1REA COM\u00daN | Hotel Madrid La Paz<\/title>\n<meta name=\"robots\" content=\"index, follow, max-snippet:-1, max-image-preview:large, max-video-preview:-1\" \/>\n<link rel=\"canonical\" href=\"https:\/\/hotelmadridlapaz.com\/en\/area-comun\/\" \/>\n<meta property=\"og:locale\" content=\"en_US\" \/>\n<meta property=\"og:type\" content=\"article\" \/>\n<meta property=\"og:title\" content=\"\u00c1REA COM\u00daN | Hotel Madrid La Paz\" \/>\n<meta property=\"og:url\" content=\"https:\/\/hotelmadridlapaz.com\/en\/area-comun\/\" \/>\n<meta property=\"og:site_name\" content=\"Hotel Madrid La Paz\" \/>\n<meta property=\"article:publisher\" content=\"https:\/\/www.facebook.com\/HotelMadridLaPaz\" \/>\n<meta property=\"article:modified_time\" content=\"2020-01-08T16:15:44+00:00\" \/>\n<meta name=\"twitter:card\" content=\"summary_large_image\" \/>\n<meta name=\"twitter:label1\" content=\"Est. reading time\" \/>\n\t<meta name=\"twitter:data1\" content=\"1 minute\" \/>\n<script type=\"application\/ld+json\" class=\"yoast-schema-graph\">{\"@context\":\"https:\/\/schema.org\",\"@graph\":[{\"@type\":\"WebPage\",\"@id\":\"https:\/\/hotelmadridlapaz.com\/area-comun\/\",\"url\":\"https:\/\/hotelmadridlapaz.com\/area-comun\/\",\"name\":\"\u00c1REA COM\u00daN | Hotel Madrid La Paz\",\"isPartOf\":{\"@id\":\"https:\/\/hotelmadridlapaz.com\/#website\"},\"datePublished\":\"2019-11-21T22:05:46+00:00\",\"dateModified\":\"2020-01-08T16:15:44+00:00\",\"breadcrumb\":{\"@id\":\"https:\/\/hotelmadridlapaz.com\/area-comun\/#breadcrumb\"},\"inLanguage\":\"en-US\",\"potentialAction\":[{\"@type\":\"ReadAction\",\"target\":[\"https:\/\/hotelmadridlapaz.com\/area-comun\/\"]}]},{\"@type\":\"BreadcrumbList\",\"@id\":\"https:\/\/hotelmadridlapaz.com\/area-comun\/#breadcrumb\",\"itemListElement\":[{\"@type\":\"ListItem\",\"position\":1,\"name\":\"Portada\",\"item\":\"https:\/\/hotelmadridlapaz.com\/\"},{\"@type\":\"ListItem\",\"position\":2,\"name\":\"\u00c1REA COM\u00daN\"}]},{\"@type\":\"WebSite\",\"@id\":\"https:\/\/hotelmadridlapaz.com\/#website\",\"url\":\"https:\/\/hotelmadridlapaz.com\/\",\"name\":\"Hotel Madrid La Paz\",\"description\":\"Hotel Madrid\",\"publisher\":{\"@id\":\"https:\/\/hotelmadridlapaz.com\/#organization\"},\"potentialAction\":[{\"@type\":\"SearchAction\",\"target\":{\"@type\":\"EntryPoint\",\"urlTemplate\":\"https:\/\/hotelmadridlapaz.com\/?s={search_term_string}\"},\"query-input\":\"required name=search_term_string\"}],\"inLanguage\":\"en-US\"},{\"@type\":\"Organization\",\"@id\":\"https:\/\/hotelmadridlapaz.com\/#organization\",\"name\":\"Hotel Madrid\",\"url\":\"https:\/\/hotelmadridlapaz.com\/\",\"logo\":{\"@type\":\"ImageObject\",\"inLanguage\":\"en-US\",\"@id\":\"https:\/\/hotelmadridlapaz.com\/#\/schema\/logo\/image\/\",\"url\":\"https:\/\/hotelmadridlapaz.com\/wp-content\/uploads\/2020\/07\/Mesa-de-trabajo-1dpi.png\",\"contentUrl\":\"https:\/\/hotelmadridlapaz.com\/wp-content\/uploads\/2020\/07\/Mesa-de-trabajo-1dpi.png\",\"width\":3914,\"height\":2180,\"caption\":\"Hotel Madrid\"},\"image\":{\"@id\":\"https:\/\/hotelmadridlapaz.com\/#\/schema\/logo\/image\/\"},\"sameAs\":[\"https:\/\/www.facebook.com\/HotelMadridLaPaz\"]}]}<\/script>\n<!-- \/ Yoast SEO plugin. -->","yoast_head_json":{"title":"\u00c1REA COM\u00daN | Hotel Madrid La Paz","robots":{"index":"index","follow":"follow","max-snippet":"max-snippet:-1","max-image-preview":"max-image-preview:large","max-video-preview":"max-video-preview:-1"},"canonical":"https:\/\/hotelmadridlapaz.com\/en\/area-comun\/","og_locale":"en_US","og_type":"article","og_title":"\u00c1REA COM\u00daN | Hotel Madrid La Paz","og_url":"https:\/\/hotelmadridlapaz.com\/en\/area-comun\/","og_site_name":"Hotel Madrid La Paz","article_publisher":"https:\/\/www.facebook.com\/HotelMadridLaPaz","article_modified_time":"2020-01-08T16:15:44+00:00","twitter_card":"summary_large_image","twitter_misc":{"Est. reading time":"1 minute"},"schema":{"@context":"https:\/\/schema.org","@graph":[{"@type":"WebPage","@id":"https:\/\/hotelmadridlapaz.com\/area-comun\/","url":"https:\/\/hotelmadridlapaz.com\/area-comun\/","name":"\u00c1REA COM\u00daN | Hotel Madrid La Paz","isPartOf":{"@id":"https:\/\/hotelmadridlapaz.com\/#website"},"datePublished":"2019-11-21T22:05:46+00:00","dateModified":"2020-01-08T16:15:44+00:00","breadcrumb":{"@id":"https:\/\/hotelmadridlapaz.com\/area-comun\/#breadcrumb"},"inLanguage":"en-US","potentialAction":[{"@type":"ReadAction","target":["https:\/\/hotelmadridlapaz.com\/area-comun\/"]}]},{"@type":"BreadcrumbList","@id":"https:\/\/hotelmadridlapaz.com\/area-comun\/#breadcrumb","itemListElement":[{"@type":"ListItem","position":1,"name":"Portada","item":"https:\/\/hotelmadridlapaz.com\/"},{"@type":"ListItem","position":2,"name":"\u00c1REA COM\u00daN"}]},{"@type":"WebSite","@id":"https:\/\/hotelmadridlapaz.com\/#website","url":"https:\/\/hotelmadridlapaz.com\/","name":"Hotel Madrid La Paz","description":"Hotel Madrid","publisher":{"@id":"https:\/\/hotelmadridlapaz.com\/#organization"},"potentialAction":[{"@type":"SearchAction","target":{"@type":"EntryPoint","urlTemplate":"https:\/\/hotelmadridlapaz.com\/?s={search_term_string}"},"query-input":"required name=search_term_string"}],"inLanguage":"en-US"},{"@type":"Organization","@id":"https:\/\/hotelmadridlapaz.com\/#organization","name":"Hotel Madrid","url":"https:\/\/hotelmadridlapaz.com\/","logo":{"@type":"ImageObject","inLanguage":"en-US","@id":"https:\/\/hotelmadridlapaz.com\/#\/schema\/logo\/image\/","url":"https:\/\/hotelmadridlapaz.com\/wp-content\/uploads\/2020\/07\/Mesa-de-trabajo-1dpi.png","contentUrl":"https:\/\/hotelmadridlapaz.com\/wp-content\/uploads\/2020\/07\/Mesa-de-trabajo-1dpi.png","width":3914,"height":2180,"caption":"Hotel Madrid"},"image":{"@id":"https:\/\/hotelmadridlapaz.com\/#\/schema\/logo\/image\/"},"sameAs":["https:\/\/www.facebook.com\/HotelMadridLaPaz"]}]}},"_links":{"self":[{"href":"https:\/\/hotelmadridlapaz.com\/en\/wp-json\/wp\/v2\/pages\/86"}],"collection":[{"href":"https:\/\/hotelmadridlapaz.com\/en\/wp-json\/wp\/v2\/pages"}],"about":[{"href":"https:\/\/hotelmadridlapaz.com\/en\/wp-json\/wp\/v2\/types\/page"}],"author":[{"embeddable":true,"href":"https:\/\/hotelmadridlapaz.com\/en\/wp-json\/wp\/v2\/users\/1"}],"replies":[{"embeddable":true,"href":"https:\/\/hotelmadridlapaz.com\/en\/wp-json\/wp\/v2\/comments?post=86"}],"version-history":[{"count":4,"href":"https:\/\/hotelmadridlapaz.com\/en\/wp-json\/wp\/v2\/pages\/86\/revisions"}],"predecessor-version":[{"id":113,"href":"https:\/\/hotelmadridlapaz.com\/en\/wp-json\/wp\/v2\/pages\/86\/revisions\/113"}],"wp:attachment":[{"href":"https:\/\/hotelmadridlapaz.com\/en\/wp-json\/wp\/v2\/media?parent=86"}],"curies":[{"name":"wp","href":"https:\/\/api.w.org\/{rel}","templated":true}]}}